{"id":1140,"date":"2023-02-09T12:41:46","date_gmt":"2023-02-09T11:41:46","guid":{"rendered":"https:\/\/fenedo.pl\/?post_type=product&#038;p=1140"},"modified":"2024-02-01T13:49:53","modified_gmt":"2024-02-01T12:49:53","slug":"rama-aluplast-ideal-400","status":"publish","type":"product","link":"https:\/\/fenedo.pl\/en\/product\/rama-aluplast-ideal-400\/","title":{"rendered":"Rama AluPlast IDEAL 400"},"content":{"rendered":"<p>System o wszechstronnym zastosowaniu, dostosowany zar\u00f3wno do architektury budownictwa jednorodzinnego, jak i wielorodzinnego. Okna mo\u017cliwe do zamontowania w renowacji, bez konieczno\u015bci demonta\u017cu starych o\u015bcie\u017cnic.<\/p>\n<ul class=\"attributes__list attributes__list--base jsProductAttributes\">\n<li class=\"attribute__item\">Ideal 4000 to 5-komorowy system klasy \u201eB\u201d, o zabudowie g\u0142\u0119bokiej na 70 mm.<\/li>\n<li class=\"attribute__item\">W standardzie wykorzystane jest okucie wyposa\u017cone w dwa punkty antywywa\u017ceniowe na skrzyd\u0142o oraz blokada b\u0142\u0119dnego po\u0142o\u017cenia klamki.<\/li>\n<li class=\"attribute__item\">Odpowiedni\u0105 izolacj\u0119 w oknach zapewnia zastosowanie podw\u00f3jnego uszczelnienia.<\/li>\n<li class=\"attribute__item\">Standardowy pakiet szklenia to 4\/16Ar\/4th [Ug=1.1]*, dost\u0119pny do szeroko\u015bci 41 mm.<\/li>\n<li class=\"attribute__item\">Ca\u0142o\u015b\u0107 wykonana jest z zastosowaniem stali otwartej o grubo\u015bci 1,5 mm, z mo\u017cliwo\u015bci\u0105 zamkni\u0119tego wzmocnienia stalowego o grubo\u015bci 1,25 lub 2 mm.<\/li>\n<li class=\"attribute__item\">System mo\u017cliwy do osadzenia na rdzeniu bia\u0142ym lub br\u0105zowym. Dost\u0119pny tak\u017ce w wariancie ze skrzyd\u0142em prostym lub p\u00f3\u0142zlicowanym.<\/li>\n<li class=\"attribute__item\">Istnieje mo\u017cliwo\u015b\u0107 dodatkowego zastosowania okucia krytego, klamki centralnej, a tak\u017ce nak\u0142adek aluminiowych Aluskin.<\/li>\n<\/ul>","protected":false},"excerpt":{"rendered":"<p>System o wszechstronnym zastosowaniu, dostosowany zar\u00f3wno do architektury budownictwa jednorodzinnego, jak i wielorodzinnego. Okna mo\u017cliwe do zamontowania w renowacji, bez konieczno\u015bci demonta\u017cu starych o\u015bcie\u017cnic. Ideal 4000 to 5-komorowy system klasy \u201eB\u201d, o zabudowie g\u0142\u0119bokiej na 70 mm. W standardzie wykorzystane jest okucie wyposa\u017cone w dwa punkty antywywa\u017ceniowe na skrzyd\u0142o oraz blokada b\u0142\u0119dnego po\u0142o\u017cenia klamki. Odpowiedni\u0105 &hellip;<\/p>\n<p class=\"read-more\"> <a class=\"\" href=\"https:\/\/fenedo.pl\/en\/product\/rama-aluplast-ideal-400\/\"> <span class=\"screen-reader-text\">Rama AluPlast IDEAL 400<\/span> Read More &raquo;<\/a><\/p>","protected":false},"featured_media":1141,"comment_status":"open","ping_status":"closed","template":"","meta":{"site-sidebar-layout":"default","site-content-layout":"default","ast-global-header-display":"","ast-main-header-display":"","ast-hfb-above-header-display":"","ast-hfb-below-header-display":"","ast-hfb-mobile-header-display":"","site-post-title":"","ast-breadcrumbs-content":"","ast-featured-img":"","footer-sml-layout":"","theme-transparent-header-meta":"default","adv-header-id-meta":"","stick-header-meta":"","header-above-stick-meta":"","header-main-stick-meta":"","header-below-stick-meta":""},"product_cat":[17],"product_tag":[],"acf":[],"_links":{"self":[{"href":"https:\/\/fenedo.pl\/en\/wp-json\/wp\/v2\/product\/1140"}],"collection":[{"href":"https:\/\/fenedo.pl\/en\/wp-json\/wp\/v2\/product"}],"about":[{"href":"https:\/\/fenedo.pl\/en\/wp-json\/wp\/v2\/types\/product"}],"replies":[{"embeddable":true,"href":"https:\/\/fenedo.pl\/en\/wp-json\/wp\/v2\/comments?post=1140"}],"wp:featuredmedia":[{"embeddable":true,"href":"https:\/\/fenedo.pl\/en\/wp-json\/wp\/v2\/media\/1141"}],"wp:attachment":[{"href":"https:\/\/fenedo.pl\/en\/wp-json\/wp\/v2\/media?parent=1140"}],"wp:term":[{"taxonomy":"product_cat","embeddable":true,"href":"https:\/\/fenedo.pl\/en\/wp-json\/wp\/v2\/product_cat?post=1140"},{"taxonomy":"product_tag","embeddable":true,"href":"https:\/\/fenedo.pl\/en\/wp-json\/wp\/v2\/product_tag?post=1140"}],"curies":[{"name":"wp","href":"https:\/\/api.w.org\/{rel}","templated":true}]}}