{"id":3,"date":"2023-02-01T11:34:41","date_gmt":"2023-02-01T10:34:41","guid":{"rendered":"https:\/\/fenedo.de\/?page_id=3"},"modified":"2024-04-25T09:55:21","modified_gmt":"2024-04-25T08:55:21","slug":"polityka-prywatnosci","status":"publish","type":"page","link":"https:\/\/fenedo.pl\/fr\/polityka-prywatnosci\/","title":{"rendered":"Politique de confidentialit\u00e9"},"content":{"rendered":"<div data-elementor-type=\"wp-page\" data-elementor-id=\"3\" class=\"elementor elementor-3\" data-elementor-post-type=\"page\">\n\t\t\t\t\t\t<section class=\"elementor-section elementor-top-section elementor-element elementor-element-4ca629c0 elementor-section-boxed elementor-section-height-default elementor-section-height-default\" data-id=\"4ca629c0\" data-element_type=\"section\">\n\t\t\t\t\t\t<div class=\"elementor-container elementor-column-gap-default\">\n\t\t\t\t\t<div class=\"elementor-column elementor-col-100 elementor-top-column elementor-element elementor-element-662b09f2\" data-id=\"662b09f2\" data-element_type=\"column\">\n\t\t\t<div class=\"elementor-widget-wrap elementor-element-populated\">\n\t\t\t\t\t\t<div class=\"elementor-element elementor-element-4dec3ff4 elementor-widget elementor-widget-text-editor\" data-id=\"4dec3ff4\" data-element_type=\"widget\" data-widget_type=\"text-editor.default\">\n\t\t\t\t<div class=\"elementor-widget-container\">\n\t\t\t\t\t\t\t<!-- wp:heading --><header class=\"header header--no-img\">\n<div class=\"container\">\n<div class=\"header__content\">\n<h6 class=\"header__title\"><span style=\"font-size: 1.7em; font-weight: bold;\">Informacja dotycz\u0105ca przetwarzania danych osobowych.<\/span><\/h6>\n<\/div>\n<\/div>\n<\/header>\n<section class=\"section section-text\">\n<div class=\"container\">\n<div class=\"content\">\n<p>Niniejszym o\u015bwiadczam, \u017ce zosta\u0142em\/zosta\u0142am poinformowany\/poinformowana o tym, \u017ce:<\/p>\n<ol>\n<li>Administratorem Danych Osobowych (ADO) jest Fenedo Sp. z o. o.; ul. Marsz. J. Pi\u0142sudskiego 74\/320; 50-020 Wroc\u0142aw.<\/li>\n<li>Moje dane osobowe b\u0119d\u0105 przetwarzane na podstawie artyku\u0142u 6 ust\u0119pu 1 litera a) og\u00f3lnego rozporz\u0105dzenia o ochronie danych, tj. na podstawie wyra\u017conej przeze mnie zgody.<\/li>\n<li>Odbiorcami moich danych osobowych b\u0119d\u0105 pracownicy odpowiedzialni za obs\u0142ug\u0119 handlow\u0105 i marketingow\u0105.<\/li>\n<li>Moje dane osobowe b\u0119d\u0105 przechowywane do chwili wycofania przeze mnie zgody na przetwarzanie moich danych osobowych.<\/li>\n<li>Posiadam prawo do \u017c\u0105dania od administratora dost\u0119pu do danych osobowych mnie dotycz\u0105cych, ich sprostowania, usuni\u0119cia lub ograniczenia przetwarzania a tak\u017ce prawo do przenoszenia danych.<\/li>\n<li>Posiadam prawo cofni\u0119cia zgody na przetwarzanie danych osobowych w dowolnym momencie, bez wp\u0142ywu na zgodno\u015b\u0107 z prawem przetwarzania, kt\u00f3rego dokonano na podstawie zgody przed jej cofni\u0119ciem; prawo cofni\u0119cia zgody mo\u017ce by\u0107 wykonane przez o\u015bwiadczenie z\u0142o\u017cone administratorowi wys\u0142ane na adres e-mail info@fenedo.pl.<\/li>\n<li>Posiadam prawo wniesienia skargi do organu nadzorczego w zwi\u0105zku z przetwarzaniem moich danych osobowych.<\/li>\n<li>Podanie przeze mnie danych osobowych jest dobrowolne.<\/li>\n<li>Administrator nie podejmuje decyzji w spos\u00f3b zautomatyzowany ani nie dokonuje profilowania, o kt\u00f3rym mowa w artykule 22 ust\u0119p 1 i 4 og\u00f3lnego rozporz\u0105dzenia o ochronie danych.<\/li>\n<\/ol>\n<\/div>\n<\/div>\n<\/section>\n<!-- \/wp:paragraph -->\t\t\t\t\t\t<\/div>\n\t\t\t\t<\/div>\n\t\t\t\t\t<\/div>\n\t\t<\/div>\n\t\t\t\t\t<\/div>\n\t\t<\/section>\n\t\t\t\t<\/div>","protected":false},"excerpt":{"rendered":"<p>Informacja dotycz\u0105ca przetwarzania danych osobowych. Niniejszym o\u015bwiadczam, \u017ce zosta\u0142em\/zosta\u0142am poinformowany\/poinformowana o tym, \u017ce: Administratorem Danych Osobowych (ADO) jest Fenedo Sp. z o. o.; ul. Marsz. J. Pi\u0142sudskiego 74\/320; 50-020 Wroc\u0142aw. Moje dane osobowe b\u0119d\u0105 przetwarzane na podstawie artyku\u0142u 6 ust\u0119pu 1 litera a) og\u00f3lnego rozporz\u0105dzenia o ochronie danych, tj. na podstawie wyra\u017conej przeze mnie zgody. &hellip;<\/p>\n<p class=\"read-more\"> <a class=\"\" href=\"https:\/\/fenedo.pl\/fr\/polityka-prywatnosci\/\"> <span class=\"screen-reader-text\">Politique de confidentialit\u00e9<\/span> Lire la suite\u00a0\u00bb<\/a><\/p>","protected":false},"author":1,"featured_media":0,"parent":0,"menu_order":0,"comment_status":"closed","ping_status":"closed","template":"","meta":{"site-sidebar-layout":"default","site-content-layout":"default","ast-global-header-display":"","ast-main-header-display":"","ast-hfb-above-header-display":"","ast-hfb-below-header-display":"","ast-hfb-mobile-header-display":"","site-post-title":"","ast-breadcrumbs-content":"","ast-featured-img":"","footer-sml-layout":"","theme-transparent-header-meta":"","adv-header-id-meta":"","stick-header-meta":"","header-above-stick-meta":"","header-main-stick-meta":"","header-below-stick-meta":""},"acf":[],"_links":{"self":[{"href":"https:\/\/fenedo.pl\/fr\/wp-json\/wp\/v2\/pages\/3"}],"collection":[{"href":"https:\/\/fenedo.pl\/fr\/wp-json\/wp\/v2\/pages"}],"about":[{"href":"https:\/\/fenedo.pl\/fr\/wp-json\/wp\/v2\/types\/page"}],"author":[{"embeddable":true,"href":"https:\/\/fenedo.pl\/fr\/wp-json\/wp\/v2\/users\/1"}],"replies":[{"embeddable":true,"href":"https:\/\/fenedo.pl\/fr\/wp-json\/wp\/v2\/comments?post=3"}],"version-history":[{"count":7,"href":"https:\/\/fenedo.pl\/fr\/wp-json\/wp\/v2\/pages\/3\/revisions"}],"predecessor-version":[{"id":2332,"href":"https:\/\/fenedo.pl\/fr\/wp-json\/wp\/v2\/pages\/3\/revisions\/2332"}],"wp:attachment":[{"href":"https:\/\/fenedo.pl\/fr\/wp-json\/wp\/v2\/media?parent=3"}],"curies":[{"name":"wp","href":"https:\/\/api.w.org\/{rel}","templated":true}]}}